{"id":332,"date":"2015-11-04T12:43:53","date_gmt":"2015-11-04T12:43:53","guid":{"rendered":"http:\/\/groupeactium.com\/?page_id=332"},"modified":"2021-08-04T18:12:20","modified_gmt":"2021-08-04T18:12:20","slug":"qui-sommes-nous","status":"publish","type":"page","link":"https:\/\/groupeactium.com\/en\/qui-sommes-nous\/","title":{"rendered":"Who are we?"},"content":{"rendered":"<p>In January <span class=\"arial-font\">2006<\/span>, Groupe Actium Inc. was incorporated in Quebec as a general contractor specialized in disaster renovation and restoration services for home and property damage insurance providers and policyholders. We serve clients in the Greater Montreal, Lanaudi\u00e8re and Laurentian regions.<\/p>\n<p>Our dynamic and honest company offers its expertise in disaster restoration to residential, commercial, industrial and institutional clients alike. We have established an unrivalled reputation for turnkey project management, which includes insurance claims management.<\/p>\n<p>Groupe Actium Inc. holds a general contractor\u2019s licence from the R\u00e9gie du b\u00e2timent du Qu\u00e9bec [<a href=\"https:\/\/www.rbq.gouv.qc.ca\/en\/home.html\" target=\"_blank\">www.rbq.gouv.qc.ca<\/a>] (R.B.Q no.<span class=\"arial-font\"> 8328-7789-41<\/span>) and third-party liability insurance. The company is a member of the Association de la construction du Qu\u00e9bec [<a href=\"http:\/\/www.acq.org\" target=\"_blank\">www.acq.org<\/a>] and the continuing education program at the Institute of Inspection, Cleaning, Restoration and Certification [<a href=\"http:\/\/www.iicrc.org\" target=\"_blank\">www.iicrc.org<\/a>], which defines the best and latest methods, techniques and skills in disaster restoration.<\/p>\n<p>The company has its own flooring division that meets the standards of the ICC Insurance Claim Flooring Validation and Replacement Program [<a href=\"http:\/\/www.icc.ca\" target=\"_blank\">www.icc.ca<\/a>], which guarantees insurance companies the best value for post-disaster flooring replacement services.<\/p>\n<p>We have at our disposal state-of-the-art tools and equipment for construction, general renovation and disaster renovation work.<\/p>\n<p>Our greatest motivation lies in the <strong>total<\/strong> satisfaction of our clients. That is why our company is designed to exceed the highest quality control standards in construction, property renovation and insurance claims management.<\/p>\n","protected":false},"excerpt":{"rendered":"<p>In January 2006, Groupe Actium Inc. was incorporated in Quebec as a general contractor specialized in disaster renovation and restoration services for home and property damage insurance providers and policyholders. We serve clients in the Greater Montreal, Lanaudi\u00e8re and Laurentian regions. Our dynamic and honest company offers its expertise in disaster restoration to residential, commercial, &hellip; <a href=\"https:\/\/groupeactium.com\/en\/qui-sommes-nous\/\" class=\"more-link\">Continue reading <span class=\"screen-reader-text\">Who are we?<\/span> <span class=\"meta-nav\">&rarr;<\/span><\/a><\/p>\n","protected":false},"author":1,"featured_media":0,"parent":0,"menu_order":0,"comment_status":"closed","ping_status":"closed","template":"page-templates\/common inner page.php","meta":{"footnotes":""},"class_list":["post-332","page","type-page","status-publish","hentry"],"translation":{"provider":"WPGlobus","version":"3.0.0","language":"en","enabled_languages":["fr","en"],"languages":{"fr":{"title":true,"content":true,"excerpt":false},"en":{"title":true,"content":true,"excerpt":false}}},"_links":{"self":[{"href":"https:\/\/groupeactium.com\/en\/wp-json\/wp\/v2\/pages\/332","targetHints":{"allow":["GET"]}}],"collection":[{"href":"https:\/\/groupeactium.com\/en\/wp-json\/wp\/v2\/pages"}],"about":[{"href":"https:\/\/groupeactium.com\/en\/wp-json\/wp\/v2\/types\/page"}],"author":[{"embeddable":true,"href":"https:\/\/groupeactium.com\/en\/wp-json\/wp\/v2\/users\/1"}],"replies":[{"embeddable":true,"href":"https:\/\/groupeactium.com\/en\/wp-json\/wp\/v2\/comments?post=332"}],"version-history":[{"count":28,"href":"https:\/\/groupeactium.com\/en\/wp-json\/wp\/v2\/pages\/332\/revisions"}],"predecessor-version":[{"id":2692,"href":"https:\/\/groupeactium.com\/en\/wp-json\/wp\/v2\/pages\/332\/revisions\/2692"}],"wp:attachment":[{"href":"https:\/\/groupeactium.com\/en\/wp-json\/wp\/v2\/media?parent=332"}],"curies":[{"name":"wp","href":"https:\/\/api.w.org\/{rel}","templated":true}]}}