{"id":2662,"date":"2020-06-16T18:43:21","date_gmt":"2020-06-16T18:43:21","guid":{"rendered":"http:\/\/groupeactium.com\/?page_id=2662"},"modified":"2020-06-16T18:43:21","modified_gmt":"2020-06-16T18:43:21","slug":"covid-nettoyage-desinfection","status":"publish","type":"page","link":"https:\/\/groupeactium.com\/en\/covid-nettoyage-desinfection\/","title":{"rendered":"Nettoyage et d\u00e9sinfection"},"content":{"rendered":"<h1><font color=\"#b32025\">Service de d\u00e9sinfection au bureau<\/font><\/h1>\n<p>En contactant l&#8217;\u00e9quipe de Groupe Actium, vous pourrez profiter de notre service de nettoyage et d\u00e9sinfection au bureau abordable, \u00e9cologique et sans risque pour la sant\u00e9. De plus, gr\u00e2ce \u00e0 notre technique de d\u00e9sinfection par vaporisation, toutes les surfaces expos\u00e9es seront trait\u00e9es sans le moindre dommage.<br \/>\nNotre service de d\u00e9sinfection par vaporisation permet d\u2019atteindre des endroits qui sont g\u00e9n\u00e9ralement manqu\u00e9s ou trop difficiles \u00e0 atteindre. Vous n\u2019aurez donc plus \u00e0 vous soucier de la pr\u00e9sence de bact\u00e9ries, virus, moisissures, champignons microscopiques et mauvaises odeurs.<\/p>\n","protected":false},"excerpt":{"rendered":"<p>Service de d\u00e9sinfection au bureau En contactant l&#8217;\u00e9quipe de Groupe Actium, vous pourrez profiter de notre service de nettoyage et d\u00e9sinfection au bureau abordable, \u00e9cologique et sans risque pour la sant\u00e9. De plus, gr\u00e2ce \u00e0 notre technique de d\u00e9sinfection par vaporisation, toutes les surfaces expos\u00e9es seront trait\u00e9es sans le moindre dommage. Notre service de d\u00e9sinfection &hellip; <a href=\"https:\/\/groupeactium.com\/en\/covid-nettoyage-desinfection\/\" class=\"more-link\">Continue reading <span class=\"screen-reader-text\">Nettoyage et d\u00e9sinfection<\/span> <span class=\"meta-nav\">&rarr;<\/span><\/a><\/p>\n","protected":false},"author":1,"featured_media":2664,"parent":0,"menu_order":0,"comment_status":"closed","ping_status":"closed","template":"","meta":{"footnotes":""},"class_list":["post-2662","page","type-page","status-publish","has-post-thumbnail","hentry"],"translation":{"provider":"WPGlobus","version":"3.0.0","language":"en","enabled_languages":["fr","en"],"languages":{"fr":{"title":true,"content":true,"excerpt":false},"en":{"title":false,"content":false,"excerpt":false}}},"_links":{"self":[{"href":"https:\/\/groupeactium.com\/en\/wp-json\/wp\/v2\/pages\/2662","targetHints":{"allow":["GET"]}}],"collection":[{"href":"https:\/\/groupeactium.com\/en\/wp-json\/wp\/v2\/pages"}],"about":[{"href":"https:\/\/groupeactium.com\/en\/wp-json\/wp\/v2\/types\/page"}],"author":[{"embeddable":true,"href":"https:\/\/groupeactium.com\/en\/wp-json\/wp\/v2\/users\/1"}],"replies":[{"embeddable":true,"href":"https:\/\/groupeactium.com\/en\/wp-json\/wp\/v2\/comments?post=2662"}],"version-history":[{"count":6,"href":"https:\/\/groupeactium.com\/en\/wp-json\/wp\/v2\/pages\/2662\/revisions"}],"predecessor-version":[{"id":2669,"href":"https:\/\/groupeactium.com\/en\/wp-json\/wp\/v2\/pages\/2662\/revisions\/2669"}],"wp:featuredmedia":[{"embeddable":true,"href":"https:\/\/groupeactium.com\/en\/wp-json\/wp\/v2\/media\/2664"}],"wp:attachment":[{"href":"https:\/\/groupeactium.com\/en\/wp-json\/wp\/v2\/media?parent=2662"}],"curies":[{"name":"wp","href":"https:\/\/api.w.org\/{rel}","templated":true}]}}